{"id":630,"date":"2021-11-15T22:31:33","date_gmt":"2021-11-15T21:31:33","guid":{"rendered":"http:\/\/kotavanastassia.com\/?page_id=630"},"modified":"2025-12-05T18:15:33","modified_gmt":"2025-12-05T17:15:33","slug":"nastassiasiphone-season-1","status":"publish","type":"page","link":"https:\/\/kotavanastassia.com\/index.php\/nastassiasiphone-season-1\/","title":{"rendered":"Nastassia\u2019s iPhone Season 1"},"content":{"rendered":"<p>This is a documentation of all the shows and special projects happenning on the Lock Screen of Nastassia&#8217;s iPhone exhibition space during Season 1 &#8211; Summer &#8217;21. For visuals, please go to instagram <a href=\"https:\/\/www.instagram.com\/nastassiasiphone\/\">@nastassiasiphone<\/a>.<\/p>\n<p>&nbsp;<\/p>\n<p><strong>!Special literature project on Nastassia&#8217;s iPhone !<\/strong><\/p>\n<p>2 POEMS<\/p>\n<p>Bastien Rivath<\/p>\n<p>August 25 &#8211; August 31, 2021<\/p>\n<p>IG:<\/p>\n<p><a href=\"https:\/\/www.instagram.com\/nastassiasiphone\/\">@nastassiasiphone<\/a><\/p>\n<p><a href=\"https:\/\/www.instagram.com\/bstrivath\/\">@bstrivath <\/a><\/p>\n<p><a href=\"https:\/\/www.instagram.com\/derealisation.xyz\/\">@derealisation.xyz<\/a><\/p>\n<p><em>I feel like a scared hacker<\/em>, 2021<\/p>\n<p><em>#NFT (Not For Tiktok),<\/em> 2021<\/p>\n<p>&nbsp;<\/p>\n<p>SCREEN EVENTS<\/p>\n<p>Yue Yuan<\/p>\n<p>August 17 &#8211; August 23, 2021<\/p>\n<p>IG:<\/p>\n<p><a href=\"https:\/\/www.instagram.com\/p\/CSrNECSIiJD\/\">@nastassiasiphone<\/a><\/p>\n<p><a href=\"https:\/\/www.instagram.com\/_yue.yuan_\/\">@_yue.yuan_<\/a><\/p>\n<p>&#8220;1. Change your home screen to &#8216;steal this phone&#8217;.<\/p>\n<p>2. Keep your screen bright until power runs out.<\/p>\n<p>3. Put a piece of baguette on the screen and wait for a pigeon to eat it.&#8221;<\/p>\n<p>&nbsp;<\/p>\n<p>\u041d\u0415\u0416\u041d\u041e\u0415 \u041c\u042b\u041b\u041e \u0414\u0410\u0424 \/ SOFT SOAP DOVE<\/p>\n<p>Darya Danilovitch<\/p>\n<p>August 10 &#8211; August 16, 2021<\/p>\n<p>IG:<\/p>\n<p><a href=\"https:\/\/www.instagram.com\/p\/CSZB05CIffB\/\">@nastassiasiphone<\/a><\/p>\n<p><a href=\"https:\/\/www.instagram.com\/danila_danilovitch\/\">@danila_danilovitch<\/a><\/p>\n<p>Seven short videos and stills by Daria Danilovich shown one per day on Nastassia&#8217;s iPhone in this order:<\/p>\n<p><em>sensitive skin<\/em><\/p>\n<p><em>go fresh restore<\/em><\/p>\n<p><em>silk cream oil<\/em><\/p>\n<p><em>luscious velvet<\/em><\/p>\n<p><em>energise<\/em><\/p>\n<p><em>pink<\/em><\/p>\n<p><em>gentle exfoliating<\/em><\/p>\n<p>&nbsp;<\/p>\n<p><strong>!Special project.Vacations on Nastassia&#8217;s iPhone !<\/strong><\/p>\n<p>TEST TEST TEST<\/p>\n<p>Tatiana Efrussi<\/p>\n<p>August 3 &#8211; August 10, 2021<\/p>\n<p>IG:<\/p>\n<p><a href=\"https:\/\/www.instagram.com\/p\/CSHIvVHoxR1\/\">@nastassiasiphone<\/a><\/p>\n<p><a href=\"https:\/\/www.instagram.com\/villa_efrussi\/\">@villa_efrussi<\/a><\/p>\n<p><a href=\"https:\/\/docs.google.com\/document\/d\/11w29MPrFdl0axsiM9pToRFX8qHfDaXTa8rIaSOYkEss\/edit\" target=\"_blank\" rel=\"https:\/\/docs.google.com\/document\/d\/11w29MPrFdl0axsiM9pToRFX8qHfDaXTa8rIaSOYkEss\/edit noopener noreferrer\"><img loading=\"lazy\" decoding=\"async\" class=\"alignnone wp-image-595 size-full\" src=\"https:\/\/kotavanastassia.com\/wp-content\/uploads\/2021\/08\/qrcode.png\" alt=\"tatiana efrussi\" width=\"200\" height=\"200\" srcset=\"https:\/\/kotavanastassia.com\/wp-content\/uploads\/2021\/08\/qrcode.png 200w, https:\/\/kotavanastassia.com\/wp-content\/uploads\/2021\/08\/qrcode-150x150.png 150w\" sizes=\"auto, (max-width: 200px) 100vw, 200px\" \/><\/a><\/p>\n<p>&nbsp;<\/p>\n<p>NIGHT LIGHTS<\/p>\n<p>Dylan Spaysky<\/p>\n<p>July 27 &#8211; August 3, 2021<\/p>\n<p>IG:<\/p>\n<p><a href=\"https:\/\/www.instagram.com\/p\/CR4ro9ahFMb\/\">@nastassiasiphone<\/a><\/p>\n<p><a href=\"https:\/\/instagram.com\/dylanspaysky?utm_medium=copy_link\">@dylanspaysky<\/a><\/p>\n<p>Photographs of three sculptures from the series <em>Night Lights<\/em> by Dylan Spaysky.<\/p>\n<p>&nbsp;<\/p>\n<p>SUGGESTION DE PRESENTATION<\/p>\n<p>Jon\u00e1s Fadrique<\/p>\n<p>July 20 &#8211; 26, 2021<\/p>\n<p>IG:<\/p>\n<p><a href=\"https:\/\/www.instagram.com\/p\/CRjff19oUus\/\">@nastassiasiphone<\/a><\/p>\n<p><a href=\"https:\/\/instagram.com\/jon_fad_?utm_medium=copy_link\">@jon_fad<\/a><\/p>\n<p>Two lovely pickles giving each other hugs on a pure white bacground: Suggestion de pr\u00e9sentation.<\/p>\n<p><!--\n<a href=\"https:\/\/kotavanastassia.com\/wp-content\/uploads\/2021\/11\/68B8A600-3691-45A1-B7CD-09FC33CBE9E8-scaled.jpeg\"><img loading=\"lazy\" decoding=\"async\" class=\"alignnone size-full wp-image-628\" src=\"https:\/\/kotavanastassia.com\/wp-content\/uploads\/2021\/11\/68B8A600-3691-45A1-B7CD-09FC33CBE9E8-scaled.jpeg\" alt=\"\" width=\"1920\" height=\"2560\" srcset=\"https:\/\/kotavanastassia.com\/wp-content\/uploads\/2021\/11\/68B8A600-3691-45A1-B7CD-09FC33CBE9E8-scaled.jpeg 1920w, https:\/\/kotavanastassia.com\/wp-content\/uploads\/2021\/11\/68B8A600-3691-45A1-B7CD-09FC33CBE9E8-225x300.jpeg 225w, https:\/\/kotavanastassia.com\/wp-content\/uploads\/2021\/11\/68B8A600-3691-45A1-B7CD-09FC33CBE9E8-768x1024.jpeg 768w, https:\/\/kotavanastassia.com\/wp-content\/uploads\/2021\/11\/68B8A600-3691-45A1-B7CD-09FC33CBE9E8-1152x1536.jpeg 1152w, https:\/\/kotavanastassia.com\/wp-content\/uploads\/2021\/11\/68B8A600-3691-45A1-B7CD-09FC33CBE9E8-1536x2048.jpeg 1536w\" sizes=\"auto, (max-width: 1920px) 100vw, 1920px\" \/><\/a>\n\n<a href=\"https:\/\/www.paypal.com\/instantcommerce\/checkout\/YTERXF2EU3NNQ\">Jon\u00e1s Fadrique - Suggestion de pr\u00e9sentation\u00a0<\/a>\n\nArtwork by Jon\u00e1s Fadrique shown on Nastassiasiphone from 20 through 26 July 2021.\n20\u20ac\n\n[checkout_for_paypal item_description=\"Jon\u00e1s Fadrique, Suggestion de pr\u00e9sentation\" amount=\"20.00\" color=\"blue\" no_shipping=\"1\"]\n--><\/p>\n<p>&nbsp;<\/p>\n<p>SOPHIE &amp; ANNA<\/p>\n<p>Anna Solal with Sophie_Dahmer_0<\/p>\n<p>July 14 &#8211; 19, 2021<\/p>\n<p>IG:<\/p>\n<p><a href=\"https:\/\/www.instagram.com\/p\/CRTh-xCBoa3\/\">@nastassiasiphone<\/a><\/p>\n<p><a href=\"https:\/\/instagram.com\/sophie_dahmer_0?utm_medium=copy_link\">@sophie_dahmer_0<\/a> <a href=\"https:\/\/instagram.com\/anna_solal?utm_medium=copy_link\">@anna_solal<\/a><\/p>\n<p>Promo images for their upcoming project Enfant Chiffre at Cassandra Cassandra (Toronto, CA): drawing of a bee by Anna, poem by Fernando Arrabal selected by Sophie, photographs of chosen books with collaged phrases \u201cCassandra Cassandra\u201d (Gabrielle Wittkop, <em>La marchande d\u2019enfants<\/em>), \u201cSophie &amp; Anna\u201d (Jean Genet, <em>Pompes Fun\u00e8bres<\/em>) , \u201c6 mois et demi de grossesse\u201d (J.D. Fabre,<em> Ne touchez pas \u00e0 Fabre<\/em>).<\/p>\n<p>&nbsp;<\/p>\n<p>HOME SCREEN HOME<\/p>\n<p>Sophie Rogg<\/p>\n<p>July 6 &#8211; 12, 2021<\/p>\n<p>IG:<\/p>\n<p><a href=\"https:\/\/www.instagram.com\/p\/CQ-2fObh242\/\">@nastassiasiphone<\/a><\/p>\n<p><a href=\"https:\/\/instagram.com\/parasite_tears?utm_medium=copy_link\">@parasite_tears<\/a><\/p>\n<p>Live Interview with Sophie Rogg <a href=\"https:\/\/www.instagram.com\/tv\/CREQvP8oaKT\/?utm_medium=copy_link\">here<\/a>.<\/p>\n<p><span class=\"s1\">Ursula le guin (i took a note)<br \/>\n<\/span>And after that we\u2019ve been talking <span class=\"s1\"><br \/>\n<\/span>About Dirty translations*<span class=\"s1\"><br \/>\n<\/span>About how ppl who can\u2019t draw make great bd and ppl who don\u2019t intend to make art do it*<span class=\"s1\"><br \/>\n<\/span>And how Sophie would like to know more poetry bc it seems this is where lays freedom and I told her that she already Makes poetry like the names of her pieces are so.. &lt;linguistically savory&gt; and this is maybe where she is this free of education and experience person that makes great stuff <span class=\"s1\"><br \/>\n<\/span>About how it is tricky to have a bf as a cishet girl in deconstruction <span class=\"s1\"><br \/>\n<\/span>About Clara Schulmann (who is awesome)<span class=\"s1\"><br \/>\n<\/span>About discovering feminism and never quitting it (and how it is not an enemy)<span class=\"s1\"><br \/>\n<\/span>About more feminist authors we don\u2019t remember names* but it seems like we just had them on mind <span class=\"s1\"><br \/>\n<\/span>About graphic design in Swiss and Holland<span class=\"s1\"><br \/>\n<\/span>And how it gives pleasure no more <span class=\"s1\"><br \/>\n<\/span>Sophie showed me photographs of pasta out of Tupperware that kept their Tupperware shapes <span class=\"s1\"><br \/>\n<\/span>About having been perfectionist <span class=\"s1\"><br \/>\n<\/span>About now having no pleasure to be perfectionist and conform to the norm <span class=\"s1\"><br \/>\n<\/span>About the new Cr\u00e8vecoeur gallery space which is actually a showroom at st germain and marcelle alix gallerist who told that no collector go to Belleville and how it\u2019s not easy to be gallerist as a woman <span class=\"s1\"><br \/>\n<\/span>About the language norms that are shitty and just are symbolic violence in most of cases <span class=\"s1\"><br \/>\n<\/span>About how as someone who doesn\u2019t want to conform (even in the matters of speech) especially in france, where \u2018m\u00e9thod\u2019 seems the only way, you have not to just do ur do that doesn\u2019t conform but also build a massive highly conforming defense over it.<span class=\"s1\"><br \/>\n<\/span>Sophie\u2019s psy says why won\u2019t you go with the stream, now I think fuck such psy<span class=\"s1\"><br \/>\n<\/span>Sophie kindly gave me the bondage for the phone and bounded it, we freestyled about the name for it, we got agreed over <em>my net is your net<\/em><\/p>\n<p class=\"p3\"><span class=\"s2\">*Mercedes Azpilizueta (<em>Bestiario de Leng\u00fcitas<\/em>, CAC Br\u00e9tigny, Br\u00e9tigny-sur-Orge, 17.01-03.07.2021)<\/span><\/p>\n<p class=\"p3\"><span class=\"s2\">*This is a part of what <em>home sweet home<\/em> exhibition is about, Sophie takes pictures of what just happens, which later reinforces the act of letting it go while working on art.<\/span><\/p>\n<p class=\"p3\"><span class=\"s2\">*like Griselda Pollock, <em>Modernit\u00e9 et espaces de la f\u00e9minit\u00e9<\/em>, 1988\/2003<\/span><\/p>\n<p>&nbsp;<\/p>\n<p>LE PLUS BEAU MIROIR<\/p>\n<p>Yeongseo Jee<\/p>\n<p>June 29 &#8211; July 5, 2021<\/p>\n<p>IG:<\/p>\n<p><a href=\"https:\/\/www.instagram.com\/p\/CQs9bIhhmpw\/\">@nastassiasiphone<\/a><\/p>\n<p><a href=\"https:\/\/www.instagram.com\/yongxo.xo\/\">@yongxo.xo<\/a>\u00a0 \u00a0 \u00a0<a href=\"https:\/\/www.instagram.com\/fakeflowers_intherealworld\/\">@fakeflowers_intherealworld<\/a>\u00a0 \u00a0 \u00a0 <a href=\"https:\/\/www.instagram.com\/flowerfields_indailylives\/\">@flowerfields_indailylives<\/a><\/p>\n<p>Yeongseo Jee presents a collage piece for\u00a0 Nastassia&#8217;s iPhone homescreen. Using screen&#8217;s reflective property the artist creates a foreground for immersive real time fictions.<\/p>\n<p>&nbsp;<\/p>\n<p>CALL ME<\/p>\n<p>Sacha Rey<\/p>\n<p>June 15 &#8211; June 28, 2021<\/p>\n<p>IG:<\/p>\n<p><a href=\"https:\/\/www.instagram.com\/p\/CQI4dKZhlvX\/\">@nastassiasiphone\u00a0<\/a><\/p>\n<p><a href=\"https:\/\/www.instagram.com\/reysacha\/\">@reysacha\u00a0 \u00a0 \u00a0<\/a><a href=\"https:\/\/fragil.fr\/call-me\/\">fragil.fr<\/a><\/p>\n<p>Sacha Rey sound piece for Nastassia&#8217;s iPhone homescreen.<\/p>\n<p>To listen to the piece: call +33 6 11 54 66 27 or\/and <a href=\"https:\/\/soundcloud.com\/sacha-rey-199778083\/call-me-messagerie-vocale-sacha-rey-fragilfr\">listen on soundcloud<\/a><\/p>\n<p>&nbsp;<\/p>\n<p>SlOW ART<\/p>\n<p>Alexandra Galenko<\/p>\n<p>June 8 &#8211; June 14, 2021<\/p>\n<p>Solo project by Alexandra Galenko for Nastassia&#8217;s iPhone homescreen<\/p>\n<p>IG:<\/p>\n<p><a href=\"https:\/\/www.instagram.com\/p\/CP2vig8oDYM\/\">@nastassiasiphone<\/a><\/p>\n<p><a href=\"https:\/\/www.instagram.com\/sasha_galenko\/\">@sasha_galenko<\/a><\/p>\n<p>In her heartsquishing and heartwarming show <em>Slow Art<\/em>, Alexandra Galenko shares with us moments of slow life she observes on her walks.<\/p>\n<p>With four videos featuring a snail on a lilac leaf (<em>She made it!<\/em>, 2021), snails running one over another (<em>Rushing snails<\/em>, 2020), a worm hiding into the ground (<em>Aiming worm<\/em>, 2020), and a snail meeting a tiny bug (<em>Snail and weevil<\/em>, 2020), Alexandra reintroduces us to a kind of spontaneous and fresh contact with nature. Like you are a kid again, in the summer, and the world of bugs is your world.<\/p>\n<p>The funny titles Aleksandra gives to her videos bring in a grain of salt and guide us into a story the artist is projecting onto the scene. I inevitably think of soviet animations, labeled as <em>kind<\/em>, or maybe Pixar. And when sometimes Alexandra all of a sudden comments in her videos, she has a slight air of Nikolay Drozdov, the host of the TV show <i>In the World of Animals.<\/i> And it makes me feel like looking for the meaning in life again, for how to live and what it is to be human.<\/p>\n<p><em>Friend. Best friend. They are very glad.<\/em><\/p>\n<p>(Aleksandra Galenko&#8217;s voiceover in <em>Snail and weevil<\/em>, 2020)<\/p>\n","protected":false},"excerpt":{"rendered":"<p>This is a documentation of all the shows and special projects happenning on the Lock Screen of Nastassia&#8217;s iPhone exhibition space during Season 1 &#8211; Summer &#8217;21. For visuals, please go to instagram @nastassiasiphone. &nbsp; !Special literature project on Nastassia&#8217;s iPhone ! 2 POEMS Bastien Rivath August 25 &#8211; August 31, 2021 IG: @nastassiasiphone @bstrivath [&hellip;]<\/p>\n","protected":false},"author":1,"featured_media":0,"parent":0,"menu_order":0,"comment_status":"closed","ping_status":"closed","template":"","meta":{"site-sidebar-layout":"default","site-content-layout":"default","ast-site-content-layout":"default","site-content-style":"default","site-sidebar-style":"default","ast-global-header-display":"","ast-banner-title-visibility":"","ast-main-header-display":"","ast-hfb-above-header-display":"","ast-hfb-below-header-display":"","ast-hfb-mobile-header-display":"","site-post-title":"disabled","ast-breadcrumbs-content":"","ast-featured-img":"","footer-sml-layout":"","theme-transparent-header-meta":"default","adv-header-id-meta":"","stick-header-meta":"","header-above-stick-meta":"","header-main-stick-meta":"","header-below-stick-meta":"","astra-migrate-meta-layouts":"set","ast-page-background-enabled":"default","ast-page-background-meta":{"desktop":{"background-color":"","background-image":"","background-repeat":"repeat","background-position":"center center","background-size":"auto","background-attachment":"scroll","background-type":"","background-media":"","overlay-type":"","overlay-color":"","overlay-opacity":"","overlay-gradient":""},"tablet":{"background-color":"","background-image":"","background-repeat":"repeat","background-position":"center center","background-size":"auto","background-attachment":"scroll","background-type":"","background-media":"","overlay-type":"","overlay-color":"","overlay-opacity":"","overlay-gradient":""},"mobile":{"background-color":"","background-image":"","background-repeat":"repeat","background-position":"center center","background-size":"auto","background-attachment":"scroll","background-type":"","background-media":"","overlay-type":"","overlay-color":"","overlay-opacity":"","overlay-gradient":""}},"ast-content-background-meta":{"desktop":{"background-color":"var(--ast-global-color-5)","background-image":"","background-repeat":"repeat","background-position":"center center","background-size":"auto","background-attachment":"scroll","background-type":"","background-media":"","overlay-type":"","overlay-color":"","overlay-opacity":"","overlay-gradient":""},"tablet":{"background-color":"var(--ast-global-color-5)","background-image":"","background-repeat":"repeat","background-position":"center center","background-size":"auto","background-attachment":"scroll","background-type":"","background-media":"","overlay-type":"","overlay-color":"","overlay-opacity":"","overlay-gradient":""},"mobile":{"background-color":"var(--ast-global-color-5)","background-image":"","background-repeat":"repeat","background-position":"center center","background-size":"auto","background-attachment":"scroll","background-type":"","background-media":"","overlay-type":"","overlay-color":"","overlay-opacity":"","overlay-gradient":""}},"footnotes":""},"class_list":["post-630","page","type-page","status-publish","hentry"],"_links":{"self":[{"href":"https:\/\/kotavanastassia.com\/index.php\/wp-json\/wp\/v2\/pages\/630","targetHints":{"allow":["GET"]}}],"collection":[{"href":"https:\/\/kotavanastassia.com\/index.php\/wp-json\/wp\/v2\/pages"}],"about":[{"href":"https:\/\/kotavanastassia.com\/index.php\/wp-json\/wp\/v2\/types\/page"}],"author":[{"embeddable":true,"href":"https:\/\/kotavanastassia.com\/index.php\/wp-json\/wp\/v2\/users\/1"}],"replies":[{"embeddable":true,"href":"https:\/\/kotavanastassia.com\/index.php\/wp-json\/wp\/v2\/comments?post=630"}],"version-history":[{"count":10,"href":"https:\/\/kotavanastassia.com\/index.php\/wp-json\/wp\/v2\/pages\/630\/revisions"}],"predecessor-version":[{"id":1194,"href":"https:\/\/kotavanastassia.com\/index.php\/wp-json\/wp\/v2\/pages\/630\/revisions\/1194"}],"wp:attachment":[{"href":"https:\/\/kotavanastassia.com\/index.php\/wp-json\/wp\/v2\/media?parent=630"}],"curies":[{"name":"wp","href":"https:\/\/api.w.org\/{rel}","templated":true}]}}